{"id":71,"date":"2024-03-25T12:32:23","date_gmt":"2024-03-25T12:32:23","guid":{"rendered":"https:\/\/bonjourlpc.org\/?page_id=71"},"modified":"2024-11-15T06:55:10","modified_gmt":"2024-11-15T06:55:10","slug":"bases-du-lpc","status":"publish","type":"page","link":"https:\/\/bonjourlpc.org\/index.php\/bases-du-lpc\/","title":{"rendered":"Bases de la LfPC"},"content":{"rendered":"\n<h3 class=\"wp-block-heading\">Les cl\u00e9s de la LfPC<\/h3>\n\n\n\n<p class=\"has-text-align-center\">Cliquez sur les cl\u00e9s pour regarder la vid\u00e9o associ\u00e9e !<\/p>\n\n\n\n<style>\n\t#hotspot-1414 .hotspots-image-container,\n\t#hotspot-1414 .leaflet-container {\n\t\tbackground: #efefef\t}\n\n\t#hotspot-1414 .hotspots-placeholder {\n\t\tbackground: #2E2D29;\n\t\tborder: 0 #2E2D29 solid;\n\t\tcolor: #DFEBE5;\n\t}\n\n\t#hotspot-1414 .hotspot-title {\n\t\tcolor: #93C7A4;\n\t}\n\n\t\t\t#hotspot-1414 .hotspot-default {\n\t\t\tstroke-width: 2;\n\t\t\tfill: #ffffff;\n\t\t\tfill-opacity: 0;\n\t\t\tstroke: #ffffff;\n\t\t\tstroke-opacity: 0;\n\t\t}\n\t\t#hotspot-1414 .hotspot-default:hover,\n\t\t#hotspot-1414 .hotspot-default:focus-visible,\n\t\t#hotspot-1414 .hotspot-default.hotspot-active {\n\t\t\tfill: #e5e5e5;\n\t\t\tfill-opacity: 0.71;\n\t\t\tstroke: #235B6E;\n\t\t\tstroke-opacity: 0.01;\n\t\t}\n\t\t#hotspot-1414 .leaflet-tooltip,\n\t#hotspot-1414 .leaflet-rrose-content-wrapper {\n\t\tbackground: #2E2D29;\n\t\tborder-color: #2E2D29;\n\t\tcolor: #DFEBE5;\n\t}\n\n\t#hotspot-1414 a.leaflet-rrose-close-button {\n\t\tcolor: #93C7A4;\n\t}\n\n\t#hotspot-1414 .leaflet-rrose-tip {\n\t\tbackground: #2E2D29;\n\t}\n\n\t#hotspot-1414 .leaflet-popup-scrolled {\n\t\tborder-bottom-color: #DFEBE5;\n\t\tborder-top-color: #DFEBE5;\n\t}\n\n\t#hotspot-1414 .leaflet-tooltip-top:before {\n\t\tborder-top-color: #2E2D29;\n\t}\n\n\t#hotspot-1414 .leaflet-tooltip-bottom:before {\n\t\tborder-bottom-color: #2E2D29;\n\t}\n\t#hotspot-1414 .leaflet-tooltip-left:before {\n\t\tborder-left-color: #2E2D29;\n\t}\n\t#hotspot-1414 .leaflet-tooltip-right:before {\n\t\tborder-right-color: #2E2D29;\n\t}\n<\/style>\n\n\t\n\t<div class=\"hotspots-container links-only layout-left event-click\" id=\"hotspot-1414\" data-layout=\"left\" data-trigger=\"click\">\n\t\t<div class=\"hotspots-interaction\">\n\t\t\t<div class=\"hotspots-image-container\">\n\t<img\n\t\twidth=\"950\"\n\t\theight=\"672\"\n\t\tsrc=\"https:\/\/bonjourlpc.org\/wp-content\/uploads\/2024\/10\/Affiche_cles_du_LPC.jpg\"\n\t\talt=\"Les cl\u00e9s de la LfPC\"\n\t\tclass=\"hotspots-image skip-lazy\"\n\t\tusemap=\"#hotspots-image-1414\"\n\t\tdata-image-title=\"Les cl\u00e9s de la LfPC\"\n\t\tdata-image-description=\"\"\n\t\tdata-event-trigger=\"click\"\n\t\tdata-always-visible=\"false\"\n\t\tdata-id=\"1414\"\n\t\tdata-no-lazy=\"1\"\n\t\tdata-lazy-src=\"\"\n\t\tdata-lazy=\"false\"\n\t\tloading=\"eager\"\n\t\tdata-skip-lazy=\"1\"\n\t\t>\n<\/div>\t\t<\/div>\n\t\t<map name=\"hotspots-image-1414\" class=\"hotspots-map\">\n\t\t\t\t\t\t\t\t\t\t\t<area\n\t\t\t\t\tshape=\"polygon\"\n\t\t\t\t\tcoords=\"555,346,555,316,584,316,584,346\"\n\t\t\t\t\thref=\"https:\/\/youtu.be\/_fyc0uAPDVg\"\n\t\t\t\t\trel=\"\"\n\t\t\t\t\ttitle=\"\u00e9\"\n\t\t\t\t\talt=\"\u00e9\"\n\t\t\t\t\tdata-action=\"url\"\n\t\t\t\t\tdata-color-scheme=\"\"\n\t\t\t\t\ttarget=\"_new\"\n\t\t\t\t\tclass=\"url-area\"\n\t\t\t\t\t>\n\t\t\t\t\t\t\t\t\t\t\t<area\n\t\t\t\t\tshape=\"polygon\"\n\t\t\t\t\tcoords=\"510,251,510,221,536,221,536,251\"\n\t\t\t\t\thref=\"https:\/\/youtu.be\/evOX3uvCOnI\"\n\t\t\t\t\trel=\"\"\n\t\t\t\t\ttitle=\"\u00e8\"\n\t\t\t\t\talt=\"\u00e8\"\n\t\t\t\t\tdata-action=\"url\"\n\t\t\t\t\tdata-color-scheme=\"\"\n\t\t\t\t\ttarget=\"_new\"\n\t\t\t\t\tclass=\"url-area\"\n\t\t\t\t\t>\n\t\t\t\t\t\t\t\t\t\t\t<area\n\t\t\t\t\tshape=\"polygon\"\n\t\t\t\t\tcoords=\"174,174,174,144,210,144,210,174\"\n\t\t\t\t\thref=\"https:\/\/youtu.be\/fuZoSLxaZZ0\"\n\t\t\t\t\trel=\"\"\n\t\t\t\t\ttitle=\"eu\"\n\t\t\t\t\talt=\"eu\"\n\t\t\t\t\tdata-action=\"url\"\n\t\t\t\t\tdata-color-scheme=\"\"\n\t\t\t\t\ttarget=\"_new\"\n\t\t\t\t\tclass=\"url-area\"\n\t\t\t\t\t>\n\t\t\t\t\t\t\t\t\t\t\t<area\n\t\t\t\t\tshape=\"polygon\"\n\t\t\t\t\tcoords=\"69,348,69,318,91,318,91,348\"\n\t\t\t\t\thref=\"https:\/\/youtu.be\/Ecc4yAdn8O4\"\n\t\t\t\t\trel=\"\"\n\t\t\t\t\ttitle=\"i\"\n\t\t\t\t\talt=\"i\"\n\t\t\t\t\tdata-action=\"url\"\n\t\t\t\t\tdata-color-scheme=\"\"\n\t\t\t\t\ttarget=\"_new\"\n\t\t\t\t\tclass=\"url-area\"\n\t\t\t\t\t>\n\t\t\t\t\t\t\t\t\t\t\t<area\n\t\t\t\t\tshape=\"polygon\"\n\t\t\t\t\tcoords=\"114,171,114,144,150,144,150,171\"\n\t\t\t\t\thref=\"https:\/\/youtu.be\/DsSLIBEByro\"\n\t\t\t\t\trel=\"\"\n\t\t\t\t\ttitle=\"in\"\n\t\t\t\t\talt=\"in\"\n\t\t\t\t\tdata-action=\"url\"\n\t\t\t\t\tdata-color-scheme=\"\"\n\t\t\t\t\ttarget=\"_new\"\n\t\t\t\t\tclass=\"url-area\"\n\t\t\t\t\t>\n\t\t\t\t\t\t\t\t\t\t\t<area\n\t\t\t\t\tshape=\"polygon\"\n\t\t\t\t\tcoords=\"617,253,617,223,644,223,644,253\"\n\t\t\t\t\thref=\"https:\/\/youtu.be\/5uK-z2-WeRY\"\n\t\t\t\t\trel=\"\"\n\t\t\t\t\ttitle=\"o\"\n\t\t\t\t\talt=\"o\"\n\t\t\t\t\tdata-action=\"url\"\n\t\t\t\t\tdata-color-scheme=\"\"\n\t\t\t\t\ttarget=\"_new\"\n\t\t\t\t\tclass=\"url-area\"\n\t\t\t\t\t>\n\t\t\t\t\t\t\t\t\t\t\t<area\n\t\t\t\t\tshape=\"polygon\"\n\t\t\t\t\tcoords=\"138,253,138,221,166,221,166,253\"\n\t\t\t\t\thref=\"https:\/\/youtu.be\/dbH08zG63f0\"\n\t\t\t\t\trel=\"\"\n\t\t\t\t\ttitle=\"o\"\n\t\t\t\t\talt=\"o\"\n\t\t\t\t\tdata-action=\"url\"\n\t\t\t\t\tdata-color-scheme=\"\"\n\t\t\t\t\ttarget=\"_new\"\n\t\t\t\t\tclass=\"url-area\"\n\t\t\t\t\t>\n\t\t\t\t\t\t\t\t\t\t\t<area\n\t\t\t\t\tshape=\"polygon\"\n\t\t\t\t\tcoords=\"90,256,90,223,120,223,120,256\"\n\t\t\t\t\thref=\"https:\/\/youtu.be\/kRcAdGHUurM\"\n\t\t\t\t\trel=\"\"\n\t\t\t\t\ttitle=\"a\"\n\t\t\t\t\talt=\"a\"\n\t\t\t\t\tdata-action=\"url\"\n\t\t\t\t\tdata-color-scheme=\"\"\n\t\t\t\t\ttarget=\"_new\"\n\t\t\t\t\tclass=\"url-area\"\n\t\t\t\t\t>\n\t\t\t\t\t\t\t\t\t\t\t<area\n\t\t\t\t\tshape=\"polygon\"\n\t\t\t\t\tcoords=\"171,348,171,320,208,320,208,348\"\n\t\t\t\t\thref=\"https:\/\/youtu.be\/zlgjESTrQyI\"\n\t\t\t\t\trel=\"\"\n\t\t\t\t\ttitle=\"an\"\n\t\t\t\t\talt=\"an\"\n\t\t\t\t\tdata-action=\"url\"\n\t\t\t\t\tdata-color-scheme=\"\"\n\t\t\t\t\ttarget=\"_new\"\n\t\t\t\t\tclass=\"url-area\"\n\t\t\t\t\t>\n\t\t\t\t\t\t\t\t\t\t\t<area\n\t\t\t\t\tshape=\"polygon\"\n\t\t\t\t\tcoords=\"181,257,181,225,211,225,211,257\"\n\t\t\t\t\thref=\"https:\/\/youtu.be\/B7iOwubYbP0\"\n\t\t\t\t\trel=\"\"\n\t\t\t\t\ttitle=\"e\"\n\t\t\t\t\talt=\"e\"\n\t\t\t\t\tdata-action=\"url\"\n\t\t\t\t\tdata-color-scheme=\"\"\n\t\t\t\t\ttarget=\"_new\"\n\t\t\t\t\tclass=\"url-area\"\n\t\t\t\t\t>\n\t\t\t\t\t\t\t\t\t\t\t<area\n\t\t\t\t\tshape=\"polygon\"\n\t\t\t\t\tcoords=\"111,343,111,319,151,319,151,343\"\n\t\t\t\t\thref=\"https:\/\/youtu.be\/7NdbAr-y4oM\"\n\t\t\t\t\trel=\"\"\n\t\t\t\t\ttitle=\"on\"\n\t\t\t\t\talt=\"on\"\n\t\t\t\t\tdata-action=\"url\"\n\t\t\t\t\tdata-color-scheme=\"\"\n\t\t\t\t\ttarget=\"_new\"\n\t\t\t\t\tclass=\"url-area\"\n\t\t\t\t\t>\n\t\t\t\t\t\t\t\t\t\t\t<area\n\t\t\t\t\tshape=\"polygon\"\n\t\t\t\t\tcoords=\"555,252,555,222,599,222,599,252\"\n\t\t\t\t\thref=\"https:\/\/youtu.be\/qr45KWNPWbg\"\n\t\t\t\t\trel=\"\"\n\t\t\t\t\ttitle=\"ou\"\n\t\t\t\t\talt=\"ou\"\n\t\t\t\t\tdata-action=\"url\"\n\t\t\t\t\tdata-color-scheme=\"\"\n\t\t\t\t\ttarget=\"_new\"\n\t\t\t\t\tclass=\"url-area\"\n\t\t\t\t\t>\n\t\t\t\t\t\t\t\t\t\t\t<area\n\t\t\t\t\tshape=\"polygon\"\n\t\t\t\t\tcoords=\"507,350,507,320,536,320,536,350\"\n\t\t\t\t\thref=\"https:\/\/youtu.be\/Rmx66O751wo\"\n\t\t\t\t\trel=\"\"\n\t\t\t\t\ttitle=\"u\"\n\t\t\t\t\talt=\"u\"\n\t\t\t\t\tdata-action=\"url\"\n\t\t\t\t\tdata-color-scheme=\"\"\n\t\t\t\t\ttarget=\"_new\"\n\t\t\t\t\tclass=\"url-area\"\n\t\t\t\t\t>\n\t\t\t\t\t\t\t\t\t\t\t<area\n\t\t\t\t\tshape=\"circle\"\n\t\t\t\t\tcoords=\"621,338,22\"\n\t\t\t\t\thref=\"https:\/\/youtu.be\/OCYiXcTgHcA\"\n\t\t\t\t\trel=\"\"\n\t\t\t\t\ttitle=\"un\"\n\t\t\t\t\talt=\"un\"\n\t\t\t\t\tdata-action=\"url\"\n\t\t\t\t\tdata-color-scheme=\"\"\n\t\t\t\t\ttarget=\"_new\"\n\t\t\t\t\tclass=\"url-area\"\n\t\t\t\t\t>\n\t\t\t\t\t\t\t\t\t\t\t<area\n\t\t\t\t\tshape=\"polygon\"\n\t\t\t\t\tcoords=\"142,594,142,577,159,577,159,594\"\n\t\t\t\t\thref=\"https:\/\/youtu.be\/V1YYQPFfO7g\"\n\t\t\t\t\trel=\"\"\n\t\t\t\t\ttitle=\"d\"\n\t\t\t\t\talt=\"d\"\n\t\t\t\t\tdata-action=\"url\"\n\t\t\t\t\tdata-color-scheme=\"\"\n\t\t\t\t\ttarget=\"_new\"\n\t\t\t\t\tclass=\"url-area\"\n\t\t\t\t\t>\n\t\t\t\t\t\t\t\t\t\t\t<area\n\t\t\t\t\tshape=\"polygon\"\n\t\t\t\t\tcoords=\"18,616,18,597,33,597,33,616\"\n\t\t\t\t\thref=\"https:\/\/youtu.be\/KMiMFeAd4v0\"\n\t\t\t\t\trel=\"\"\n\t\t\t\t\ttitle=\"f\"\n\t\t\t\t\talt=\"f\"\n\t\t\t\t\tdata-action=\"url\"\n\t\t\t\t\tdata-color-scheme=\"\"\n\t\t\t\t\ttarget=\"_new\"\n\t\t\t\t\tclass=\"url-area\"\n\t\t\t\t\t>\n\t\t\t\t\t\t\t\t\t\t\t<area\n\t\t\t\t\tshape=\"polygon\"\n\t\t\t\t\tcoords=\"247,574,247,554,267,554,267,574\"\n\t\t\t\t\thref=\"https:\/\/youtu.be\/EVfwzvsZNb8\"\n\t\t\t\t\trel=\"\"\n\t\t\t\t\ttitle=\"b\"\n\t\t\t\t\talt=\"b\"\n\t\t\t\t\tdata-action=\"url\"\n\t\t\t\t\tdata-color-scheme=\"\"\n\t\t\t\t\ttarget=\"_new\"\n\t\t\t\t\tclass=\"url-area\"\n\t\t\t\t\t>\n\t\t\t\t\t\t\t\t\t\t\t<area\n\t\t\t\t\tshape=\"polygon\"\n\t\t\t\t\tcoords=\"249,622,249,596,267,596,267,622\"\n\t\t\t\t\thref=\"https:\/\/youtu.be\/74KpPzxnCDQ\"\n\t\t\t\t\trel=\"\"\n\t\t\t\t\ttitle=\"\u0265\"\n\t\t\t\t\talt=\"\u0265\"\n\t\t\t\t\tdata-action=\"url\"\n\t\t\t\t\tdata-color-scheme=\"\"\n\t\t\t\t\ttarget=\"_new\"\n\t\t\t\t\tclass=\"url-area\"\n\t\t\t\t\t>\n\t\t\t\t\t\t\t\t\t\t\t<area\n\t\t\t\t\tshape=\"polygon\"\n\t\t\t\t\tcoords=\"722,587,722,558,743,558,743,587\"\n\t\t\t\t\thref=\"https:\/\/youtu.be\/te8XP0VpYAk\"\n\t\t\t\t\trel=\"\"\n\t\t\t\t\ttitle=\"g\"\n\t\t\t\t\talt=\"g\"\n\t\t\t\t\tdata-action=\"url\"\n\t\t\t\t\tdata-color-scheme=\"\"\n\t\t\t\t\ttarget=\"_new\"\n\t\t\t\t\tclass=\"url-area\"\n\t\t\t\t\t>\n\t\t\t\t\t\t\t\t\t\t\t<area\n\t\t\t\t\tshape=\"polygon\"\n\t\t\t\t\tcoords=\"831,577,831,549,851,549,851,577\"\n\t\t\t\t\thref=\"https:\/\/youtu.be\/w890mSOHYXg\"\n\t\t\t\t\trel=\"\"\n\t\t\t\t\ttitle=\"j\"\n\t\t\t\t\talt=\"j\"\n\t\t\t\t\tdata-action=\"url\"\n\t\t\t\t\tdata-color-scheme=\"\"\n\t\t\t\t\ttarget=\"_new\"\n\t\t\t\t\tclass=\"url-area\"\n\t\t\t\t\t>\n\t\t\t\t\t\t\t\t\t\t\t<area\n\t\t\t\t\tshape=\"circle\"\n\t\t\t\t\tcoords=\"27,567,15\"\n\t\t\t\t\thref=\"https:\/\/youtu.be\/m2HBCW48Fyo\"\n\t\t\t\t\trel=\"\"\n\t\t\t\t\ttitle=\"m\"\n\t\t\t\t\talt=\"m\"\n\t\t\t\t\tdata-action=\"url\"\n\t\t\t\t\tdata-color-scheme=\"\"\n\t\t\t\t\ttarget=\"_new\"\n\t\t\t\t\tclass=\"url-area\"\n\t\t\t\t\t>\n\t\t\t\t\t\t\t\t\t\t\t<area\n\t\t\t\t\tshape=\"circle\"\n\t\t\t\t\tcoords=\"142,559,15\"\n\t\t\t\t\thref=\"https:\/\/youtu.be\/p_vB2ZHPZlg\"\n\t\t\t\t\trel=\"\"\n\t\t\t\t\ttitle=\"p\"\n\t\t\t\t\talt=\"p\"\n\t\t\t\t\tdata-action=\"url\"\n\t\t\t\t\tdata-color-scheme=\"\"\n\t\t\t\t\ttarget=\"_new\"\n\t\t\t\t\tclass=\"url-area\"\n\t\t\t\t\t>\n\t\t\t\t\t\t\t\t\t\t\t<area\n\t\t\t\t\tshape=\"circle\"\n\t\t\t\t\tcoords=\"255,584,13\"\n\t\t\t\t\thref=\"https:\/\/youtu.be\/L05Qi-Z6A18\"\n\t\t\t\t\trel=\"\"\n\t\t\t\t\ttitle=\"n\"\n\t\t\t\t\talt=\"n\"\n\t\t\t\t\tdata-action=\"url\"\n\t\t\t\t\tdata-color-scheme=\"\"\n\t\t\t\t\ttarget=\"_new\"\n\t\t\t\t\tclass=\"url-area\"\n\t\t\t\t\t>\n\t\t\t\t\t\t\t\t\t\t\t<area\n\t\t\t\t\tshape=\"circle\"\n\t\t\t\t\tcoords=\"369,563,12\"\n\t\t\t\t\thref=\"https:\/\/youtu.be\/VhaoBcCffj4\"\n\t\t\t\t\trel=\"\"\n\t\t\t\t\ttitle=\"l\"\n\t\t\t\t\talt=\"l\"\n\t\t\t\t\tdata-action=\"url\"\n\t\t\t\t\tdata-color-scheme=\"\"\n\t\t\t\t\ttarget=\"_new\"\n\t\t\t\t\tclass=\"url-area\"\n\t\t\t\t\t>\n\t\t\t\t\t\t\t\t\t\t\t<area\n\t\t\t\t\tshape=\"circle\"\n\t\t\t\t\tcoords=\"371,586,12\"\n\t\t\t\t\thref=\"https:\/\/youtu.be\/SS-U9W7wCyI\"\n\t\t\t\t\trel=\"\"\n\t\t\t\t\ttitle=\"\u0283\"\n\t\t\t\t\talt=\"\u0283\"\n\t\t\t\t\tdata-action=\"url\"\n\t\t\t\t\tdata-color-scheme=\"\"\n\t\t\t\t\ttarget=\"_new\"\n\t\t\t\t\tclass=\"url-area\"\n\t\t\t\t\t>\n\t\t\t\t\t\t\t\t\t\t\t<area\n\t\t\t\t\tshape=\"circle\"\n\t\t\t\t\tcoords=\"372,607,11\"\n\t\t\t\t\thref=\"https:\/\/youtu.be\/g2rypt-kOR0\"\n\t\t\t\t\trel=\"\"\n\t\t\t\t\ttitle=\"\u0272\"\n\t\t\t\t\talt=\"\u0272\"\n\t\t\t\t\tdata-action=\"url\"\n\t\t\t\t\tdata-color-scheme=\"\"\n\t\t\t\t\ttarget=\"_new\"\n\t\t\t\t\tclass=\"url-area\"\n\t\t\t\t\t>\n\t\t\t\t\t\t\t\t\t\t\t<area\n\t\t\t\t\tshape=\"circle\"\n\t\t\t\t\tcoords=\"507,568,14\"\n\t\t\t\t\thref=\"https:\/\/youtu.be\/BUiNst-uHHY\"\n\t\t\t\t\trel=\"\"\n\t\t\t\t\ttitle=\"k\"\n\t\t\t\t\talt=\"k\"\n\t\t\t\t\tdata-action=\"url\"\n\t\t\t\t\tdata-color-scheme=\"\"\n\t\t\t\t\ttarget=\"_new\"\n\t\t\t\t\tclass=\"url-area\"\n\t\t\t\t\t>\n\t\t\t\t\t\t\t\t\t\t\t<area\n\t\t\t\t\tshape=\"circle\"\n\t\t\t\t\tcoords=\"635,569,15\"\n\t\t\t\t\thref=\"https:\/\/youtu.be\/d4DjHS6Qe8c\"\n\t\t\t\t\trel=\"\"\n\t\t\t\t\ttitle=\"s\"\n\t\t\t\t\talt=\"s\"\n\t\t\t\t\tdata-action=\"url\"\n\t\t\t\t\tdata-color-scheme=\"\"\n\t\t\t\t\ttarget=\"_new\"\n\t\t\t\t\tclass=\"url-area\"\n\t\t\t\t\t>\n\t\t\t\t\t\t\t\t\t\t\t<area\n\t\t\t\t\tshape=\"circle\"\n\t\t\t\t\tcoords=\"633,591,14\"\n\t\t\t\t\thref=\"https:\/\/youtu.be\/5g-edxSNkcM\"\n\t\t\t\t\trel=\"\"\n\t\t\t\t\ttitle=\"r\"\n\t\t\t\t\talt=\"r\"\n\t\t\t\t\tdata-action=\"url\"\n\t\t\t\t\tdata-color-scheme=\"\"\n\t\t\t\t\ttarget=\"_new\"\n\t\t\t\t\tclass=\"url-area\"\n\t\t\t\t\t>\n\t\t\t\t\t\t\t\t\t\t\t<area\n\t\t\t\t\tshape=\"circle\"\n\t\t\t\t\tcoords=\"842,591,15\"\n\t\t\t\t\thref=\"https:\/\/youtu.be\/zXzpSkpLCgo\"\n\t\t\t\t\trel=\"\"\n\t\t\t\t\ttitle=\"\u0273\"\n\t\t\t\t\talt=\"\u0273\"\n\t\t\t\t\tdata-action=\"url\"\n\t\t\t\t\tdata-color-scheme=\"\"\n\t\t\t\t\ttarget=\"_new\"\n\t\t\t\t\tclass=\"url-area\"\n\t\t\t\t\t>\n\t\t\t\t\t\t\t\t\t\t\t<area\n\t\t\t\t\tshape=\"circle\"\n\t\t\t\t\tcoords=\"24,586,11\"\n\t\t\t\t\thref=\"https:\/\/youtu.be\/U5Agq2tJpes\"\n\t\t\t\t\trel=\"\"\n\t\t\t\t\ttitle=\"t\"\n\t\t\t\t\talt=\"t\"\n\t\t\t\t\tdata-action=\"url\"\n\t\t\t\t\tdata-color-scheme=\"\"\n\t\t\t\t\ttarget=\"_new\"\n\t\t\t\t\tclass=\"url-area\"\n\t\t\t\t\t>\n\t\t\t\t\t\t\t\t\t\t\t<area\n\t\t\t\t\tshape=\"circle\"\n\t\t\t\t\tcoords=\"154,609,14\"\n\t\t\t\t\thref=\"https:\/\/youtu.be\/4_o4XzydwcQ\"\n\t\t\t\t\trel=\"\"\n\t\t\t\t\ttitle=\"\u0292\"\n\t\t\t\t\talt=\"\u0292\"\n\t\t\t\t\tdata-action=\"url\"\n\t\t\t\t\tdata-color-scheme=\"\"\n\t\t\t\t\ttarget=\"_new\"\n\t\t\t\t\tclass=\"url-area\"\n\t\t\t\t\t>\n\t\t\t\t\t\t\t\t\t\t\t<area\n\t\t\t\t\tshape=\"circle\"\n\t\t\t\t\tcoords=\"374,629,14\"\n\t\t\t\t\thref=\"https:\/\/youtu.be\/RcakR2EYC58\"\n\t\t\t\t\trel=\"\"\n\t\t\t\t\ttitle=\"w\"\n\t\t\t\t\talt=\"w\"\n\t\t\t\t\tdata-action=\"url\"\n\t\t\t\t\tdata-color-scheme=\"\"\n\t\t\t\t\ttarget=\"_new\"\n\t\t\t\t\tclass=\"url-area\"\n\t\t\t\t\t>\n\t\t\t\t\t\t\t\t\t\t\t<area\n\t\t\t\t\tshape=\"circle\"\n\t\t\t\t\tcoords=\"507,590,14\"\n\t\t\t\t\thref=\"https:\/\/youtu.be\/8bL100uaJFc\"\n\t\t\t\t\trel=\"\"\n\t\t\t\t\ttitle=\"v\"\n\t\t\t\t\talt=\"v\"\n\t\t\t\t\tdata-action=\"url\"\n\t\t\t\t\tdata-color-scheme=\"\"\n\t\t\t\t\ttarget=\"_new\"\n\t\t\t\t\tclass=\"url-area\"\n\t\t\t\t\t>\n\t\t\t\t\t\t\t\t\t\t\t<area\n\t\t\t\t\tshape=\"circle\"\n\t\t\t\t\tcoords=\"504,609,14\"\n\t\t\t\t\thref=\"https:\/\/youtu.be\/CFk5i_zAfcE\"\n\t\t\t\t\trel=\"\"\n\t\t\t\t\ttitle=\"z\"\n\t\t\t\t\talt=\"z\"\n\t\t\t\t\tdata-action=\"url\"\n\t\t\t\t\tdata-color-scheme=\"\"\n\t\t\t\t\ttarget=\"_new\"\n\t\t\t\t\tclass=\"url-area\"\n\t\t\t\t\t>\n\t\t\t\t\t<\/map>\n\n\t\t\n\t\t\t\t\t\t\t\t\t\t\t\t\t\t\t\t\t\t\t\t\t\t\t\t\t\t\t\t\t\t\t\t\t\t\t\t\t\t\t\t\t\t\t\t\t\t\t\t\t\t\t\t\t\t\t\t\t\t\t\t\t\t\t\t\t\t\t\t\t\t\t\t\t\t\t\t\t\t\t\t\t\t\t\t\t\t\t\t\t\t\t\t\t\t\t\t\t\t\t\t\t\t\t\t\t\t\t\t<\/div>\n\n\n\n\n\n<div style=\"text-align: center; margin-top: 10px;\">\n    <button id=\"printImageButton\">Imprimer l&rsquo;image<\/button>\n<\/div>\n\n<script>\n  document.getElementById('printImageButton').onclick = function() {\n    var img = document.querySelector('.hotspots-image');  \/\/ Assure-toi que la classe est correcte\n    if (img) {\n      var newWindow = window.open('');\n      newWindow.document.write('<html><head><title>Imprimer<\/title><\/head><body>');\n      newWindow.document.write('<img decoding=\"async\" src=\"' + img.src + '\" alt=\"Image \u00e0 imprimer\">');\n      newWindow.document.write('<\/body><\/html>');\n      newWindow.document.close();\n      newWindow.focus();\n      newWindow.print();\n      newWindow.close();\n    } else {\n      alert('Image non trouv\u00e9e.');\n    }\n  };\n<\/script>\n\n\n\n<p class=\"has-text-align-center\"><a href=\"https:\/\/alpc.asso.fr\/les-cles-du-code-lpc\/\" data-type=\"link\" data-id=\"https:\/\/alpc.asso.fr\/les-cles-du-code-lpc\/\">Source de l&rsquo;image<\/a><\/p>\n\n\n\n<p>Les crit\u00e8res d\u00e9termin\u00e9s par Cornett sont les suivants  :<br><strong>1)<\/strong> Ce syst\u00e8me doit \u00eatre sans ambigu\u00eft\u00e9 et doit permettre de rendre \u00e9vident tous les d\u00e9tails de la langue orale.<br><strong>2)<\/strong> Ce syst\u00e8me doit \u00eatre bas\u00e9 sur la langue orale, avec une utilisation coh\u00e9rente et une d\u00e9pendance avec l\u2019information visible sur les l\u00e8vres.<br><strong>3)<\/strong> Toute information ajout\u00e9e \u00e0 celle disponible avec la lecture labiale doit \u00eatre compatible avec ce qui est dit (avec le rythme de la parole, la signification, etc.).<br><strong>4)<\/strong> Ce syst\u00e8me doit pouvoir \u00eatre appris par un tr\u00e8s jeune enfant sourd via un bain de langage \u00e0 la maison.<br><strong>5)<\/strong> Ce syst\u00e8me doit pouvoir \u00eatre appris par des parents entendants.<br><strong>6)<\/strong> Ce syst\u00e8me doit pouvoir \u00eatre utilis\u00e9 \u00e0 un taux d\u2019\u00e9locution standard, \u00e0 une distance jusqu\u2019\u00e0 six m\u00e8tres.<\/p>\n\n\n\n<div style=\"height:66px\" aria-hidden=\"true\" class=\"wp-block-spacer\"><\/div>\n\n\n\n<p><\/p>\n","protected":false},"excerpt":{"rendered":"<p>Les cl\u00e9s de la LfPC Cliquez sur les cl\u00e9s pour regarder la vid\u00e9o associ\u00e9e ! Imprimer l&rsquo;image Source de l&rsquo;image [&hellip;]<\/p>\n","protected":false},"author":1,"featured_media":0,"parent":0,"menu_order":8,"comment_status":"closed","ping_status":"closed","template":"","meta":{"site-sidebar-layout":"default","site-content-layout":"","ast-site-content-layout":"","site-content-style":"default","site-sidebar-style":"default","ast-global-header-display":"","ast-banner-title-visibility":"","ast-main-header-display":"","ast-hfb-above-header-display":"","ast-hfb-below-header-display":"","ast-hfb-mobile-header-display":"","site-post-title":"","ast-breadcrumbs-content":"","ast-featured-img":"","footer-sml-layout":"","theme-transparent-header-meta":"","adv-header-id-meta":"","stick-header-meta":"","header-above-stick-meta":"","header-main-stick-meta":"","header-below-stick-meta":"","astra-migrate-meta-layouts":"default","ast-page-background-enabled":"default","ast-page-background-meta":{"desktop":{"background-color":"var(--ast-global-color-4)","background-image":"","background-repeat":"repeat","background-position":"center center","background-size":"auto","background-attachment":"scroll","background-type":"","background-media":"","overlay-type":"","overlay-color":"","overlay-opacity":"","overlay-gradient":""},"tablet":{"background-color":"","background-image":"","background-repeat":"repeat","background-position":"center center","background-size":"auto","background-attachment":"scroll","background-type":"","background-media":"","overlay-type":"","overlay-color":"","overlay-opacity":"","overlay-gradient":""},"mobile":{"background-color":"","background-image":"","background-repeat":"repeat","background-position":"center center","background-size":"auto","background-attachment":"scroll","background-type":"","background-media":"","overlay-type":"","overlay-color":"","overlay-opacity":"","overlay-gradient":""}},"ast-content-background-meta":{"desktop":{"background-color":"var(--ast-global-color-5)","background-image":"","background-repeat":"repeat","background-position":"center center","background-size":"auto","background-attachment":"scroll","background-type":"","background-media":"","overlay-type":"","overlay-color":"","overlay-opacity":"","overlay-gradient":""},"tablet":{"background-color":"var(--ast-global-color-5)","background-image":"","background-repeat":"repeat","background-position":"center center","background-size":"auto","background-attachment":"scroll","background-type":"","background-media":"","overlay-type":"","overlay-color":"","overlay-opacity":"","overlay-gradient":""},"mobile":{"background-color":"var(--ast-global-color-5)","background-image":"","background-repeat":"repeat","background-position":"center center","background-size":"auto","background-attachment":"scroll","background-type":"","background-media":"","overlay-type":"","overlay-color":"","overlay-opacity":"","overlay-gradient":""}},"_mc_calendar":[],"footnotes":""},"categories":[1],"tags":[],"class_list":["post-71","page","type-page","status-publish","hentry","category-uncategorized"],"_links":{"self":[{"href":"https:\/\/bonjourlpc.org\/index.php\/wp-json\/wp\/v2\/pages\/71","targetHints":{"allow":["GET"]}}],"collection":[{"href":"https:\/\/bonjourlpc.org\/index.php\/wp-json\/wp\/v2\/pages"}],"about":[{"href":"https:\/\/bonjourlpc.org\/index.php\/wp-json\/wp\/v2\/types\/page"}],"author":[{"embeddable":true,"href":"https:\/\/bonjourlpc.org\/index.php\/wp-json\/wp\/v2\/users\/1"}],"replies":[{"embeddable":true,"href":"https:\/\/bonjourlpc.org\/index.php\/wp-json\/wp\/v2\/comments?post=71"}],"version-history":[{"count":46,"href":"https:\/\/bonjourlpc.org\/index.php\/wp-json\/wp\/v2\/pages\/71\/revisions"}],"predecessor-version":[{"id":3085,"href":"https:\/\/bonjourlpc.org\/index.php\/wp-json\/wp\/v2\/pages\/71\/revisions\/3085"}],"wp:attachment":[{"href":"https:\/\/bonjourlpc.org\/index.php\/wp-json\/wp\/v2\/media?parent=71"}],"wp:term":[{"taxonomy":"category","embeddable":true,"href":"https:\/\/bonjourlpc.org\/index.php\/wp-json\/wp\/v2\/categories?post=71"},{"taxonomy":"post_tag","embeddable":true,"href":"https:\/\/bonjourlpc.org\/index.php\/wp-json\/wp\/v2\/tags?post=71"}],"curies":[{"name":"wp","href":"https:\/\/api.w.org\/{rel}","templated":true}]}}