{"id":3101,"date":"2024-11-15T07:55:00","date_gmt":"2024-11-15T07:55:00","guid":{"rendered":"https:\/\/bonjourlpc.org\/?page_id=3101"},"modified":"2025-06-18T07:58:11","modified_gmt":"2025-06-18T07:58:11","slug":"faq","status":"publish","type":"page","link":"https:\/\/bonjourlpc.org\/index.php\/faq\/","title":{"rendered":"FAQ"},"content":{"rendered":"\n<p><strong>Comment devenir codeur ou codeuse ?<\/strong><\/p>\n\n\n\n<p>Pour devenir codeur ou codeuse en Langue des Signes Fran\u00e7aise (LfPC), il est n\u00e9cessaire de d\u00e9tenir une licence professionnelle (bac +3), destin\u00e9e aux personnes titulaires d&rsquo;un dipl\u00f4me national attestant de deux ann\u00e9es d&rsquo;enseignement sup\u00e9rieur valid\u00e9es. La licence professionnelle de codeur peut \u00eatre suivie \u00e0 l&rsquo;<a href=\"https:\/\/www.insei.fr\/formation\/licence-professionnelle-codeur-lfpc\" data-type=\"link\" data-id=\"http:\/\/inshea.fr\/fr\/content\/licence-professionnelle-codeur-lpc-0\">INSEI (Institut National Sup\u00e9rieur de formation et de recherche pour l&rsquo;\u00c9ducation Inclusive<\/a>) ou \u00e0 l&rsquo;<a href=\"https:\/\/istr.univ-lyon1.fr\/formations\/licence-professionnelle-de-codeur-lpc\/licence-professionnelle-de-codeur-lpc-764227.kjsp?RH=1360767392243\" data-type=\"link\" data-id=\"https:\/\/istr.univ-lyon1.fr\/formations\/licence-professionnelle-de-codeur-lpc\/licence-professionnelle-de-codeur-lpc-764227.kjsp?RH=1360767392243\">Institut des Sciences et Techniques de R\u00e9adaptation de l\u2019Universit\u00e9 Lyon 1<\/a>.<\/p>\n\n\n\n<p><\/p>\n\n\n\n<p><\/p>\n","protected":false},"excerpt":{"rendered":"<p>Comment devenir codeur ou codeuse ? Pour devenir codeur ou codeuse en Langue des Signes Fran\u00e7aise (LfPC), il est n\u00e9cessaire [&hellip;]<\/p>\n","protected":false},"author":1,"featured_media":0,"parent":0,"menu_order":0,"comment_status":"closed","ping_status":"closed","template":"","meta":{"site-sidebar-layout":"default","site-content-layout":"","ast-site-content-layout":"","site-content-style":"default","site-sidebar-style":"default","ast-global-header-display":"","ast-banner-title-visibility":"","ast-main-header-display":"","ast-hfb-above-header-display":"","ast-hfb-below-header-display":"","ast-hfb-mobile-header-display":"","site-post-title":"","ast-breadcrumbs-content":"","ast-featured-img":"","footer-sml-layout":"","theme-transparent-header-meta":"","adv-header-id-meta":"","stick-header-meta":"","header-above-stick-meta":"","header-main-stick-meta":"","header-below-stick-meta":"","astra-migrate-meta-layouts":"default","ast-page-background-enabled":"default","ast-page-background-meta":{"desktop":{"background-color":"var(--ast-global-color-4)","background-image":"","background-repeat":"repeat","background-position":"center center","background-size":"auto","background-attachment":"scroll","background-type":"","background-media":"","overlay-type":"","overlay-color":"","overlay-opacity":"","overlay-gradient":""},"tablet":{"background-color":"","background-image":"","background-repeat":"repeat","background-position":"center center","background-size":"auto","background-attachment":"scroll","background-type":"","background-media":"","overlay-type":"","overlay-color":"","overlay-opacity":"","overlay-gradient":""},"mobile":{"background-color":"","background-image":"","background-repeat":"repeat","background-position":"center center","background-size":"auto","background-attachment":"scroll","background-type":"","background-media":"","overlay-type":"","overlay-color":"","overlay-opacity":"","overlay-gradient":""}},"ast-content-background-meta":{"desktop":{"background-color":"var(--ast-global-color-5)","background-image":"","background-repeat":"repeat","background-position":"center center","background-size":"auto","background-attachment":"scroll","background-type":"","background-media":"","overlay-type":"","overlay-color":"","overlay-opacity":"","overlay-gradient":""},"tablet":{"background-color":"var(--ast-global-color-5)","background-image":"","background-repeat":"repeat","background-position":"center center","background-size":"auto","background-attachment":"scroll","background-type":"","background-media":"","overlay-type":"","overlay-color":"","overlay-opacity":"","overlay-gradient":""},"mobile":{"background-color":"var(--ast-global-color-5)","background-image":"","background-repeat":"repeat","background-position":"center center","background-size":"auto","background-attachment":"scroll","background-type":"","background-media":"","overlay-type":"","overlay-color":"","overlay-opacity":"","overlay-gradient":""}},"_mc_calendar":[],"footnotes":""},"categories":[1],"tags":[],"class_list":["post-3101","page","type-page","status-publish","hentry","category-uncategorized"],"_links":{"self":[{"href":"https:\/\/bonjourlpc.org\/index.php\/wp-json\/wp\/v2\/pages\/3101","targetHints":{"allow":["GET"]}}],"collection":[{"href":"https:\/\/bonjourlpc.org\/index.php\/wp-json\/wp\/v2\/pages"}],"about":[{"href":"https:\/\/bonjourlpc.org\/index.php\/wp-json\/wp\/v2\/types\/page"}],"author":[{"embeddable":true,"href":"https:\/\/bonjourlpc.org\/index.php\/wp-json\/wp\/v2\/users\/1"}],"replies":[{"embeddable":true,"href":"https:\/\/bonjourlpc.org\/index.php\/wp-json\/wp\/v2\/comments?post=3101"}],"version-history":[{"count":4,"href":"https:\/\/bonjourlpc.org\/index.php\/wp-json\/wp\/v2\/pages\/3101\/revisions"}],"predecessor-version":[{"id":3156,"href":"https:\/\/bonjourlpc.org\/index.php\/wp-json\/wp\/v2\/pages\/3101\/revisions\/3156"}],"wp:attachment":[{"href":"https:\/\/bonjourlpc.org\/index.php\/wp-json\/wp\/v2\/media?parent=3101"}],"wp:term":[{"taxonomy":"category","embeddable":true,"href":"https:\/\/bonjourlpc.org\/index.php\/wp-json\/wp\/v2\/categories?post=3101"},{"taxonomy":"post_tag","embeddable":true,"href":"https:\/\/bonjourlpc.org\/index.php\/wp-json\/wp\/v2\/tags?post=3101"}],"curies":[{"name":"wp","href":"https:\/\/api.w.org\/{rel}","templated":true}]}}