{"id":30,"date":"2024-03-25T12:32:25","date_gmt":"2024-03-25T12:32:25","guid":{"rendered":"https:\/\/bonjourlpc.org\/?page_id=30"},"modified":"2024-05-27T08:57:14","modified_gmt":"2024-05-27T08:57:14","slug":"histoire-du-lpc","status":"publish","type":"page","link":"https:\/\/bonjourlpc.org\/index.php\/histoire-du-lpc\/","title":{"rendered":"Histoire de la LfPC"},"content":{"rendered":"\n<p>La LfPC (Langue fran\u00e7aise Parl\u00e9e Compl\u00e9t\u00e9e) est un outil de perception de la langue orale ; c&rsquo;est un code utilis\u00e9 en compl\u00e9ment de la lecture labiale. La LfPC permet de coder avec la main tous les phon\u00e8mes de la langue fran\u00e7aise et aide \u00e0 discriminer les sosies labiaux.<\/p>\n\n\n\n<p>La LfPC fait partie des nombreuses aides \u00e0 la communication au m\u00eame titre que la LSF (Langue des Signes Fran\u00e7aise) ou les gestes Borel-Maisonny. Il a \u00e9t\u00e9 mis en place par Orin Cornett en 1967, bas\u00e9 sur le constat que les \u00e9l\u00e8ves sourds et malentendants pr\u00e9sentaient des difficult\u00e9s en lecture. La LfPC est d\u00e9riv\u00e9 du Cued Speech, version anglophone de l\u2019outil. Initialement d\u00e9nomm\u00e9 LCC (<em>langage cod\u00e9 Cornett<\/em>), l&rsquo;<a href=\"https:\/\/fr.wikipedia.org\/wiki\/Association_nationale_pour_la_promotion_et_le_d%C3%A9veloppement_de_la_langue_fran%C3%A7aise_parl%C3%A9e_compl%C3%A9t%C3%A9e\">ALPC<\/a>\u00a0a chang\u00e9 son appellation \u00e0 deux reprises\u00a0:\u00a0<em>langage parl\u00e9 compl\u00e9t\u00e9<\/em>, puis\u00a0<em>langue fran\u00e7aise parl\u00e9e compl\u00e9t\u00e9e<\/em>. Les sigles utilis\u00e9s le plus commun\u00e9ment sont <strong>LfPC<\/strong>, <strong>LPC<\/strong> et <strong>code LPC<\/strong>. Le\u00a0<em>Cued Speech<\/em>\u00a0originel est maintenant adapt\u00e9 \u00e0 56\u00a0langues et dialectes, parmi lesquelles\u00a0: l\u2019anglais, le fran\u00e7ais, le russe, le chinois, l\u2019espagnol, le portugais.<\/p>\n\n\n\n<p>Il facilite la lecture labiale pour un meilleur confort visuel. Avec un implant cochl\u00e9aire ou une proth\u00e8se auditive, le jeune b\u00e9n\u00e9ficie d&rsquo;une r\u00e9cup\u00e9ration auditive qui ne lui offre qu&rsquo;une r\u00e9ception partielle du message oral. La lecture labiale lui permet de lever une partie seulement des ambigu\u00eft\u00e9s qui persistent au niveau de cette r\u00e9ception du message oral. <\/p>\n\n\n\n<p>La\/le codeuse\/eur en LfPC (Langue fran\u00e7aise Parl\u00e9e Compl\u00e9t\u00e9e) intervient dans la classe. Son r\u00f4le est de transmettre tous les messages en langue fran\u00e7aise avec l&rsquo;aide de la LfPC. Elle\/il accompagne l&rsquo;\u00e9l\u00e8ve sourd dans ses apprentissages. La pr\u00e9sence d&rsquo;un\/e codeuse\/eur pendant les cours permet au jeune de recevoir la totalit\u00e9 du message en lecture labiale accompagn\u00e9e du LPC. La\/le codeuse\/eur reformule le discours du professeur, mais \u00e9galement toutes les interventions qui se passent hors du champ de vision du jeune sourd.<\/p>\n\n\n\n<p><\/p>\n\n\n\n<p><\/p>\n","protected":false},"excerpt":{"rendered":"<p>La LfPC (Langue fran\u00e7aise Parl\u00e9e Compl\u00e9t\u00e9e) est un outil de perception de la langue orale ; c&rsquo;est un code utilis\u00e9 [&hellip;]<\/p>\n","protected":false},"author":1,"featured_media":0,"parent":0,"menu_order":8,"comment_status":"closed","ping_status":"closed","template":"","meta":{"site-sidebar-layout":"default","site-content-layout":"","ast-site-content-layout":"","site-content-style":"default","site-sidebar-style":"default","ast-global-header-display":"","ast-banner-title-visibility":"","ast-main-header-display":"","ast-hfb-above-header-display":"","ast-hfb-below-header-display":"","ast-hfb-mobile-header-display":"","site-post-title":"","ast-breadcrumbs-content":"","ast-featured-img":"","footer-sml-layout":"","theme-transparent-header-meta":"","adv-header-id-meta":"","stick-header-meta":"","header-above-stick-meta":"","header-main-stick-meta":"","header-below-stick-meta":"","astra-migrate-meta-layouts":"default","ast-page-background-enabled":"default","ast-page-background-meta":{"desktop":{"background-color":"var(--ast-global-color-4)","background-image":"","background-repeat":"repeat","background-position":"center center","background-size":"auto","background-attachment":"scroll","background-type":"","background-media":"","overlay-type":"","overlay-color":"","overlay-opacity":"","overlay-gradient":""},"tablet":{"background-color":"","background-image":"","background-repeat":"repeat","background-position":"center center","background-size":"auto","background-attachment":"scroll","background-type":"","background-media":"","overlay-type":"","overlay-color":"","overlay-opacity":"","overlay-gradient":""},"mobile":{"background-color":"","background-image":"","background-repeat":"repeat","background-position":"center center","background-size":"auto","background-attachment":"scroll","background-type":"","background-media":"","overlay-type":"","overlay-color":"","overlay-opacity":"","overlay-gradient":""}},"ast-content-background-meta":{"desktop":{"background-color":"var(--ast-global-color-5)","background-image":"","background-repeat":"repeat","background-position":"center center","background-size":"auto","background-attachment":"scroll","background-type":"","background-media":"","overlay-type":"","overlay-color":"","overlay-opacity":"","overlay-gradient":""},"tablet":{"background-color":"var(--ast-global-color-5)","background-image":"","background-repeat":"repeat","background-position":"center center","background-size":"auto","background-attachment":"scroll","background-type":"","background-media":"","overlay-type":"","overlay-color":"","overlay-opacity":"","overlay-gradient":""},"mobile":{"background-color":"var(--ast-global-color-5)","background-image":"","background-repeat":"repeat","background-position":"center center","background-size":"auto","background-attachment":"scroll","background-type":"","background-media":"","overlay-type":"","overlay-color":"","overlay-opacity":"","overlay-gradient":""}},"_mc_calendar":[],"footnotes":""},"categories":[1],"tags":[],"class_list":["post-30","page","type-page","status-publish","hentry","category-uncategorized"],"_links":{"self":[{"href":"https:\/\/bonjourlpc.org\/index.php\/wp-json\/wp\/v2\/pages\/30","targetHints":{"allow":["GET"]}}],"collection":[{"href":"https:\/\/bonjourlpc.org\/index.php\/wp-json\/wp\/v2\/pages"}],"about":[{"href":"https:\/\/bonjourlpc.org\/index.php\/wp-json\/wp\/v2\/types\/page"}],"author":[{"embeddable":true,"href":"https:\/\/bonjourlpc.org\/index.php\/wp-json\/wp\/v2\/users\/1"}],"replies":[{"embeddable":true,"href":"https:\/\/bonjourlpc.org\/index.php\/wp-json\/wp\/v2\/comments?post=30"}],"version-history":[{"count":12,"href":"https:\/\/bonjourlpc.org\/index.php\/wp-json\/wp\/v2\/pages\/30\/revisions"}],"predecessor-version":[{"id":978,"href":"https:\/\/bonjourlpc.org\/index.php\/wp-json\/wp\/v2\/pages\/30\/revisions\/978"}],"wp:attachment":[{"href":"https:\/\/bonjourlpc.org\/index.php\/wp-json\/wp\/v2\/media?parent=30"}],"wp:term":[{"taxonomy":"category","embeddable":true,"href":"https:\/\/bonjourlpc.org\/index.php\/wp-json\/wp\/v2\/categories?post=30"},{"taxonomy":"post_tag","embeddable":true,"href":"https:\/\/bonjourlpc.org\/index.php\/wp-json\/wp\/v2\/tags?post=30"}],"curies":[{"name":"wp","href":"https:\/\/api.w.org\/{rel}","templated":true}]}}