{"id":1496,"date":"2024-10-01T09:42:41","date_gmt":"2024-10-01T09:42:41","guid":{"rendered":"https:\/\/bonjourlpc.org\/index.php\/dictionnaire\/vie-quotidienne\/identite\/"},"modified":"2024-10-11T13:31:51","modified_gmt":"2024-10-11T13:31:51","slug":"identite","status":"publish","type":"page","link":"https:\/\/bonjourlpc.org\/index.php\/dictionnaire\/vie-quotidienne\/identite\/","title":{"rendered":"Identit\u00e9"},"content":{"rendered":"\n<a href=\"https:\/\/bonjourlpc.org\/index.php\/dictionnaire\/\" class=\"bouton-retour\">\n    <button>Retour au Dictionnaire<\/button>\n<\/a>\n\n\n\n<p class=\"has-ast-global-color-0-color has-text-color has-link-color has-medium-font-size wp-elements-6fff5c1077511e98f6d6b2256dd7672f\">Mots :<\/p>\n\n\n\n<!-- Page-list plugin v.5.9 wordpress.org\/plugins\/page-list\/ -->\n<ul class=\"page-list subpages-page-list \">\n<li class=\"page_item page-item-2876 menu-item\"><a href=\"https:\/\/bonjourlpc.org\/index.php\/dictionnaire\/vie-quotidienne\/identite\/adresse\/\" class=\"menu-link\">Adresse<\/a><\/li>\n<li class=\"page_item page-item-2877 menu-item\"><a href=\"https:\/\/bonjourlpc.org\/index.php\/dictionnaire\/vie-quotidienne\/identite\/age\/\" class=\"menu-link\">\u00c2ge<\/a><\/li>\n<li class=\"page_item page-item-1696 menu-item\"><a href=\"https:\/\/bonjourlpc.org\/index.php\/dictionnaire\/vie-quotidienne\/identite\/carnet-de-sante\/\" class=\"menu-link\">Carnet de sant\u00e9<\/a><\/li>\n<li class=\"page_item page-item-2878 menu-item\"><a href=\"https:\/\/bonjourlpc.org\/index.php\/dictionnaire\/vie-quotidienne\/identite\/date-de-naissance\/\" class=\"menu-link\">Date de naissance<\/a><\/li>\n<li class=\"page_item page-item-2883 menu-item\"><a href=\"https:\/\/bonjourlpc.org\/index.php\/dictionnaire\/vie-quotidienne\/identite\/mail\/\" class=\"menu-link\">Mail<\/a><\/li>\n<li class=\"page_item page-item-2884 menu-item\"><a href=\"https:\/\/bonjourlpc.org\/index.php\/dictionnaire\/vie-quotidienne\/identite\/nom\/\" class=\"menu-link\">Nom<\/a><\/li>\n<li class=\"page_item page-item-2885 menu-item\"><a href=\"https:\/\/bonjourlpc.org\/index.php\/dictionnaire\/vie-quotidienne\/identite\/numero-de-telephone\/\" class=\"menu-link\">Num\u00e9ro de t\u00e9l\u00e9phone<\/a><\/li>\n<li class=\"page_item page-item-1677 menu-item\"><a href=\"https:\/\/bonjourlpc.org\/index.php\/dictionnaire\/vie-quotidienne\/identite\/plaque-dimmatriculation\/\" class=\"menu-link\">Plaque d&rsquo;immatriculation<\/a><\/li>\n<li class=\"page_item page-item-1925 menu-item\"><a href=\"https:\/\/bonjourlpc.org\/index.php\/dictionnaire\/vie-quotidienne\/identite\/prenom\/\" class=\"menu-link\">Pr\u00e9nom<\/a><\/li>\n<li class=\"page_item page-item-2887 menu-item\"><a href=\"https:\/\/bonjourlpc.org\/index.php\/dictionnaire\/vie-quotidienne\/identite\/sexe\/\" class=\"menu-link\">Sexe<\/a><\/li>\n\n<\/ul>\n","protected":false},"excerpt":{"rendered":"<p>Retour au Dictionnaire Mots :<\/p>\n","protected":false},"author":1,"featured_media":0,"parent":1462,"menu_order":0,"comment_status":"closed","ping_status":"closed","template":"","meta":{"site-sidebar-layout":"default","site-content-layout":"","ast-site-content-layout":"","site-content-style":"default","site-sidebar-style":"default","ast-global-header-display":"","ast-banner-title-visibility":"","ast-main-header-display":"","ast-hfb-above-header-display":"","ast-hfb-below-header-display":"","ast-hfb-mobile-header-display":"","site-post-title":"","ast-breadcrumbs-content":"","ast-featured-img":"","footer-sml-layout":"","theme-transparent-header-meta":"","adv-header-id-meta":"","stick-header-meta":"","header-above-stick-meta":"","header-main-stick-meta":"","header-below-stick-meta":"","astra-migrate-meta-layouts":"default","ast-page-background-enabled":"default","ast-page-background-meta":{"desktop":{"background-color":"var(--ast-global-color-4)","background-image":"","background-repeat":"repeat","background-position":"center center","background-size":"auto","background-attachment":"scroll","background-type":"","background-media":"","overlay-type":"","overlay-color":"","overlay-opacity":"","overlay-gradient":""},"tablet":{"background-color":"","background-image":"","background-repeat":"repeat","background-position":"center center","background-size":"auto","background-attachment":"scroll","background-type":"","background-media":"","overlay-type":"","overlay-color":"","overlay-opacity":"","overlay-gradient":""},"mobile":{"background-color":"","background-image":"","background-repeat":"repeat","background-position":"center center","background-size":"auto","background-attachment":"scroll","background-type":"","background-media":"","overlay-type":"","overlay-color":"","overlay-opacity":"","overlay-gradient":""}},"ast-content-background-meta":{"desktop":{"background-color":"var(--ast-global-color-5)","background-image":"","background-repeat":"repeat","background-position":"center center","background-size":"auto","background-attachment":"scroll","background-type":"","background-media":"","overlay-type":"","overlay-color":"","overlay-opacity":"","overlay-gradient":""},"tablet":{"background-color":"var(--ast-global-color-5)","background-image":"","background-repeat":"repeat","background-position":"center center","background-size":"auto","background-attachment":"scroll","background-type":"","background-media":"","overlay-type":"","overlay-color":"","overlay-opacity":"","overlay-gradient":""},"mobile":{"background-color":"var(--ast-global-color-5)","background-image":"","background-repeat":"repeat","background-position":"center center","background-size":"auto","background-attachment":"scroll","background-type":"","background-media":"","overlay-type":"","overlay-color":"","overlay-opacity":"","overlay-gradient":""}},"_mc_calendar":[],"footnotes":""},"categories":[],"tags":[],"class_list":["post-1496","page","type-page","status-publish","hentry"],"_links":{"self":[{"href":"https:\/\/bonjourlpc.org\/index.php\/wp-json\/wp\/v2\/pages\/1496","targetHints":{"allow":["GET"]}}],"collection":[{"href":"https:\/\/bonjourlpc.org\/index.php\/wp-json\/wp\/v2\/pages"}],"about":[{"href":"https:\/\/bonjourlpc.org\/index.php\/wp-json\/wp\/v2\/types\/page"}],"author":[{"embeddable":true,"href":"https:\/\/bonjourlpc.org\/index.php\/wp-json\/wp\/v2\/users\/1"}],"replies":[{"embeddable":true,"href":"https:\/\/bonjourlpc.org\/index.php\/wp-json\/wp\/v2\/comments?post=1496"}],"version-history":[{"count":1,"href":"https:\/\/bonjourlpc.org\/index.php\/wp-json\/wp\/v2\/pages\/1496\/revisions"}],"predecessor-version":[{"id":2381,"href":"https:\/\/bonjourlpc.org\/index.php\/wp-json\/wp\/v2\/pages\/1496\/revisions\/2381"}],"up":[{"embeddable":true,"href":"https:\/\/bonjourlpc.org\/index.php\/wp-json\/wp\/v2\/pages\/1462"}],"wp:attachment":[{"href":"https:\/\/bonjourlpc.org\/index.php\/wp-json\/wp\/v2\/media?parent=1496"}],"wp:term":[{"taxonomy":"category","embeddable":true,"href":"https:\/\/bonjourlpc.org\/index.php\/wp-json\/wp\/v2\/categories?post=1496"},{"taxonomy":"post_tag","embeddable":true,"href":"https:\/\/bonjourlpc.org\/index.php\/wp-json\/wp\/v2\/tags?post=1496"}],"curies":[{"name":"wp","href":"https:\/\/api.w.org\/{rel}","templated":true}]}}